{"id":377,"date":"2025-10-24T23:11:36","date_gmt":"2025-10-24T23:11:36","guid":{"rendered":"https:\/\/imap4u.webs.upv.es\/?page_id=377"},"modified":"2025-10-26T17:39:18","modified_gmt":"2025-10-26T17:39:18","slug":"committee","status":"publish","type":"page","link":"https:\/\/imap4u.webs.upv.es\/?page_id=377","title":{"rendered":"Organizing Committee"},"content":{"rendered":"\t\t<div data-elementor-type=\"wp-page\" data-elementor-id=\"377\" class=\"elementor elementor-377\">\n\t\t\t\t<div class=\"elementor-element elementor-element-8d4a5ec elementor-hidden-desktop elementor-hidden-tablet elementor-hidden-mobile e-flex e-con-boxed wpr-particle-no wpr-jarallax-no wpr-parallax-no wpr-sticky-section-no e-con e-parent\" data-id=\"8d4a5ec\" data-element_type=\"container\">\n\t\t\t\t\t<div class=\"e-con-inner\">\n\t\t\t\t<div class=\"elementor-element elementor-element-d6d60ec elementor-widget elementor-widget-text-editor\" data-id=\"d6d60ec\" data-element_type=\"widget\" data-widget_type=\"text-editor.default\">\n\t\t\t\t<div class=\"elementor-widget-container\">\n\t\t\t\t\t\t\t\t\t<ul><li>\u00a0Elena P\u00e9rez-Bernabeu (Chair)<\/li><li>Milagros Bravo Sell\u00e9s<\/li><li>Ana Isabel P\u00e9rez Molina<\/li><li>Miguel \u00c1ngel Sell\u00e9s Cant\u00f3<\/li><\/ul>\t\t\t\t\t\t\t\t<\/div>\n\t\t\t\t<\/div>\n\t\t\t\t\t<\/div>\n\t\t\t\t<\/div>\n\t\t<div class=\"elementor-element elementor-element-1f5866b e-flex e-con-boxed wpr-particle-no wpr-jarallax-no wpr-parallax-no wpr-sticky-section-no e-con e-parent\" data-id=\"1f5866b\" data-element_type=\"container\">\n\t\t\t\t\t<div class=\"e-con-inner\">\n\t\t\t\t<div class=\"elementor-element elementor-element-f1b3251 elementor-widget elementor-widget-heading\" data-id=\"f1b3251\" data-element_type=\"widget\" data-widget_type=\"heading.default\">\n\t\t\t\t<div class=\"elementor-widget-container\">\n\t\t\t\t\t<h2 class=\"elementor-heading-title elementor-size-default\">Chair<\/h2>\t\t\t\t<\/div>\n\t\t\t\t<\/div>\n\t\t\t\t\t<\/div>\n\t\t\t\t<\/div>\n\t\t<div class=\"elementor-element elementor-element-10a1328 e-flex e-con-boxed wpr-particle-no wpr-jarallax-no wpr-parallax-no wpr-sticky-section-no e-con e-parent\" data-id=\"10a1328\" data-element_type=\"container\">\n\t\t\t\t\t<div class=\"e-con-inner\">\n\t\t\t\t<div class=\"elementor-element elementor-element-263c5cc elementor-widget elementor-widget-text-editor\" data-id=\"263c5cc\" data-element_type=\"widget\" data-widget_type=\"text-editor.default\">\n\t\t\t\t<div class=\"elementor-widget-container\">\n\t\t\t\t\t\t\t\t\t<ul><li><strong>Elena P\u00e9rez Bernabeu<\/strong><\/li><\/ul>\t\t\t\t\t\t\t\t<\/div>\n\t\t\t\t<\/div>\n\t\t\t\t\t<\/div>\n\t\t\t\t<\/div>\n\t\t<div class=\"elementor-element elementor-element-1d082fd e-flex e-con-boxed wpr-particle-no wpr-jarallax-no wpr-parallax-no wpr-sticky-section-no e-con e-parent\" data-id=\"1d082fd\" data-element_type=\"container\">\n\t\t\t\t\t<div class=\"e-con-inner\">\n\t\t\t\t<div class=\"elementor-element elementor-element-ec5ca92 elementor-widget elementor-widget-heading\" data-id=\"ec5ca92\" data-element_type=\"widget\" data-widget_type=\"heading.default\">\n\t\t\t\t<div class=\"elementor-widget-container\">\n\t\t\t\t\t<h2 class=\"elementor-heading-title elementor-size-default\">Members<\/h2>\t\t\t\t<\/div>\n\t\t\t\t<\/div>\n\t\t\t\t\t<\/div>\n\t\t\t\t<\/div>\n\t\t<div class=\"elementor-element elementor-element-f7eb663 e-flex e-con-boxed wpr-particle-no wpr-jarallax-no wpr-parallax-no wpr-sticky-section-no e-con e-parent\" data-id=\"f7eb663\" data-element_type=\"container\">\n\t\t\t\t\t<div class=\"e-con-inner\">\n\t\t\t\t<div class=\"elementor-element elementor-element-bd0322b elementor-widget elementor-widget-text-editor\" data-id=\"bd0322b\" data-element_type=\"widget\" data-widget_type=\"text-editor.default\">\n\t\t\t\t<div class=\"elementor-widget-container\">\n\t\t\t\t\t\t\t\t\t<ul><li><strong>\u00c1ngel A. Juan P\u00e9rez<\/strong><\/li><li><strong>Milagros Bravo Sell\u00e9s<\/strong><\/li><li><strong>Raquel Sanchis Gisbert<\/strong><\/li><li><strong>Ana I. P\u00e9rez Molina<\/strong><\/li><li><strong>Miguel \u00c1ngel Sell\u00e9s Cant\u00f3<\/strong><\/li><li><strong>Beatriz Andr\u00e9s Navarro<\/strong><\/li><li><strong>Wenwen Chen<\/strong><\/li><li><strong>Veronica Medina Rodr\u00edguez<\/strong><\/li><li><strong>Mauro Laguna Murcia<\/strong><\/li><li><strong>Yangchongyi Men<\/strong><\/li><\/ul>\t\t\t\t\t\t\t\t<\/div>\n\t\t\t\t<\/div>\n\t\t\t\t\t<\/div>\n\t\t\t\t<\/div>\n\t\t\t\t<\/div>\n\t\t","protected":false},"excerpt":{"rendered":"<p>\u00a0Elena P\u00e9rez-Bernabeu (Chair) Milagros Bravo Sell\u00e9s Ana Isabel P\u00e9rez Molina Miguel \u00c1ngel Sell\u00e9s Cant\u00f3 Chair Elena P\u00e9rez Bernabeu Members \u00c1ngel A. Juan P\u00e9rez Milagros Bravo Sell\u00e9s Raquel Sanchis Gisbert Ana I. P\u00e9rez Molina Miguel \u00c1ngel Sell\u00e9s Cant\u00f3 Beatriz Andr\u00e9s Navarro Wenwen Chen Veronica Medina Rodr\u00edguez Mauro Laguna Murcia Yangchongyi Men<\/p>\n","protected":false},"author":1,"featured_media":0,"parent":2,"menu_order":0,"comment_status":"closed","ping_status":"closed","template":"","meta":{"footnotes":""},"class_list":["post-377","page","type-page","status-publish","hentry"],"_links":{"self":[{"href":"https:\/\/imap4u.webs.upv.es\/index.php?rest_route=\/wp\/v2\/pages\/377","targetHints":{"allow":["GET"]}}],"collection":[{"href":"https:\/\/imap4u.webs.upv.es\/index.php?rest_route=\/wp\/v2\/pages"}],"about":[{"href":"https:\/\/imap4u.webs.upv.es\/index.php?rest_route=\/wp\/v2\/types\/page"}],"author":[{"embeddable":true,"href":"https:\/\/imap4u.webs.upv.es\/index.php?rest_route=\/wp\/v2\/users\/1"}],"replies":[{"embeddable":true,"href":"https:\/\/imap4u.webs.upv.es\/index.php?rest_route=%2Fwp%2Fv2%2Fcomments&post=377"}],"version-history":[{"count":8,"href":"https:\/\/imap4u.webs.upv.es\/index.php?rest_route=\/wp\/v2\/pages\/377\/revisions"}],"predecessor-version":[{"id":410,"href":"https:\/\/imap4u.webs.upv.es\/index.php?rest_route=\/wp\/v2\/pages\/377\/revisions\/410"}],"up":[{"embeddable":true,"href":"https:\/\/imap4u.webs.upv.es\/index.php?rest_route=\/wp\/v2\/pages\/2"}],"wp:attachment":[{"href":"https:\/\/imap4u.webs.upv.es\/index.php?rest_route=%2Fwp%2Fv2%2Fmedia&parent=377"}],"curies":[{"name":"wp","href":"https:\/\/api.w.org\/{rel}","templated":true}]}}