{"id":66,"date":"2025-06-13T09:26:52","date_gmt":"2025-06-13T09:26:52","guid":{"rendered":"https:\/\/imap4u.webs.upv.es\/?page_id=66"},"modified":"2025-10-27T07:40:08","modified_gmt":"2025-10-27T07:40:08","slug":"workshop-imap4u","status":"publish","type":"page","link":"https:\/\/imap4u.webs.upv.es\/?page_id=66","title":{"rendered":"Workshop: IMAP4U PROJECT MODEL DEVELOPMENT STAGE"},"content":{"rendered":"\t\t<div data-elementor-type=\"wp-page\" data-elementor-id=\"66\" class=\"elementor elementor-66\">\n\t\t\t\t<div class=\"elementor-element elementor-element-7caf8e9 e-con-full elementor-hidden-desktop elementor-hidden-tablet elementor-hidden-mobile e-flex wpr-particle-no wpr-jarallax-no wpr-parallax-no wpr-sticky-section-no e-con e-parent\" data-id=\"7caf8e9\" data-element_type=\"container\">\n\t\t\t\t<div class=\"elementor-element elementor-element-2e2a326 elementor-widget elementor-widget-text-editor\" data-id=\"2e2a326\" data-element_type=\"widget\" data-widget_type=\"text-editor.default\">\n\t\t\t\t<div class=\"elementor-widget-container\">\n\t\t\t\t\t\t\t\t\t<p>En breve les anunciaremos la nueva fecha para esta semana pr\u00f3xima y la ubicaci\u00f3n, en Alcoy (Alicante)<\/p>\t\t\t\t\t\t\t\t<\/div>\n\t\t\t\t<\/div>\n\t\t\t\t<\/div>\n\t\t<div class=\"elementor-element elementor-element-2d5498a e-con-full e-flex wpr-particle-no wpr-jarallax-no wpr-parallax-no wpr-sticky-section-no e-con e-parent\" data-id=\"2d5498a\" data-element_type=\"container\">\n\t\t\t\t<div class=\"elementor-element elementor-element-cdd0160 elementor-widget elementor-widget-text-editor\" data-id=\"cdd0160\" data-element_type=\"widget\" data-widget_type=\"text-editor.default\">\n\t\t\t\t<div class=\"elementor-widget-container\">\n\t\t\t\t\t\t\t\t\t<p>An Integrated Model for Strategic Excellence in Higher Education Institutions is a project funded by Erasmus+ (reference number: 2024-1-TR01-KA220-HED-0000251854), coordinated by Hitit University under Key Action 2: Partnership for Cooperation in Higher Education, with the support of the Turkish National Agency.<br \/>The IMAP4U model addresses the urgent need for innovative tools to improve strategic planning, implementation, and monitoring within higher education institutions. By integrating an easy-to-use digital platform into the management framework, the IMAP4U model will enable universities to achieve their strategic goals with greater efficiency and accuracy.<\/p>\t\t\t\t\t\t\t\t<\/div>\n\t\t\t\t<\/div>\n\t\t\t\t<div class=\"elementor-element elementor-element-8449964 elementor-widget elementor-widget-spacer\" data-id=\"8449964\" data-element_type=\"widget\" data-widget_type=\"spacer.default\">\n\t\t\t\t<div class=\"elementor-widget-container\">\n\t\t\t\t\t\t\t<div class=\"elementor-spacer\">\n\t\t\t<div class=\"elementor-spacer-inner\"><\/div>\n\t\t<\/div>\n\t\t\t\t\t\t<\/div>\n\t\t\t\t<\/div>\n\t\t\t\t<\/div>\n\t\t<div class=\"elementor-element elementor-element-86804b8 e-con-full elementor-hidden-desktop elementor-hidden-tablet elementor-hidden-mobile e-flex wpr-particle-no wpr-jarallax-no wpr-parallax-no wpr-sticky-section-no e-con e-parent\" data-id=\"86804b8\" data-element_type=\"container\">\n\t\t\t\t<div class=\"elementor-element elementor-element-2f941d3 elementor-widget elementor-widget-text-editor\" data-id=\"2f941d3\" data-element_type=\"widget\" data-widget_type=\"text-editor.default\">\n\t\t\t\t<div class=\"elementor-widget-container\">\n\t\t\t\t\t\t\t\t\t<p>Lugar: <strong>Aula 2.7 del CFP (Centro de Formaci\u00f3n Permanente<\/strong><br \/><strong>Universitat Polit\u00e8cnica de Val\u00e8ncia, Espa\u00f1a<\/strong><\/p><p>Fecha: Mi\u00e9rcoles 22 de Octubre de 2025<\/p><p>Hora: De 09:30h &#8211; 16:00h<\/p>\t\t\t\t\t\t\t\t<\/div>\n\t\t\t\t<\/div>\n\t\t\t\t<div class=\"elementor-element elementor-element-504257f elementor-align-center elementor-widget elementor-widget-button\" data-id=\"504257f\" data-element_type=\"widget\" data-widget_type=\"button.default\">\n\t\t\t\t<div class=\"elementor-widget-container\">\n\t\t\t\t\t\t\t\t\t<div class=\"elementor-button-wrapper\">\n\t\t\t\t\t<a class=\"elementor-button elementor-button-link elementor-size-sm\" href=\"https:\/\/forms.gle\/zavDFJrbZVWxGUJh7\" target=\"_blank\">\n\t\t\t\t\t\t<span class=\"elementor-button-content-wrapper\">\n\t\t\t\t\t\t\t\t\t<span class=\"elementor-button-text\">Registro<\/span>\n\t\t\t\t\t<\/span>\n\t\t\t\t\t<\/a>\n\t\t\t\t<\/div>\n\t\t\t\t\t\t\t\t<\/div>\n\t\t\t\t<\/div>\n\t\t\t\t<\/div>\n\t\t<div class=\"elementor-element elementor-element-c4eaec3 elementor-hidden-desktop elementor-hidden-tablet elementor-hidden-mobile e-flex e-con-boxed wpr-particle-no wpr-jarallax-no wpr-parallax-no wpr-sticky-section-no e-con e-parent\" data-id=\"c4eaec3\" data-element_type=\"container\">\n\t\t\t\t\t<div class=\"e-con-inner\">\n\t\t\t\t<div class=\"elementor-element elementor-element-91b56e6 elementor-widget elementor-widget-google_maps\" data-id=\"91b56e6\" data-element_type=\"widget\" data-widget_type=\"google_maps.default\">\n\t\t\t\t<div class=\"elementor-widget-container\">\n\t\t\t\t\t\t\t<div class=\"elementor-custom-embed\">\n\t\t\t<iframe loading=\"lazy\"\n\t\t\t\t\tsrc=\"https:\/\/maps.google.com\/maps?q=Edificio%206G%20UPV%20Algir%C3%B3s%2C%2046022%20Valencia&#038;t=m&#038;z=16&#038;output=embed&#038;iwloc=near\"\n\t\t\t\t\ttitle=\"Edificio 6G UPV Algir\u00f3s, 46022 Valencia\"\n\t\t\t\t\taria-label=\"Edificio 6G UPV Algir\u00f3s, 46022 Valencia\"\n\t\t\t><\/iframe>\n\t\t<\/div>\n\t\t\t\t\t\t<\/div>\n\t\t\t\t<\/div>\n\t\t\t\t\t<\/div>\n\t\t\t\t<\/div>\n\t\t<div class=\"elementor-element elementor-element-c799058 e-con-full elementor-hidden-desktop elementor-hidden-tablet elementor-hidden-mobile e-flex wpr-particle-no wpr-jarallax-no wpr-parallax-no wpr-sticky-section-no e-con e-parent\" data-id=\"c799058\" data-element_type=\"container\">\n\t\t\t\t<div class=\"elementor-element elementor-element-f176c7f elementor-widget elementor-widget-text-editor\" data-id=\"f176c7f\" data-element_type=\"widget\" data-widget_type=\"text-editor.default\">\n\t\t\t\t<div class=\"elementor-widget-container\">\n\t\t\t\t\t\t\t\t\t<p><strong>An Integrated Model for Strategic Excellence in Higher Education Institutions<\/strong> es un proyecto financiado por Erasmus + (n\u00famero de referencia: 2024-1-TR01-KA220-HED-0000251854), coordinado por la Universidad Hitit bajo la Acci\u00f3n Clave 2: Asociaci\u00f3n para la Cooperaci\u00f3n en Educaci\u00f3n Superior, con el apoyo de la Agencia Nacional Turca.<\/p><p>El modelo IMAP4U, que aborda la necesidad urgente de herramientas innovadoras para mejorar la planificaci\u00f3n estrat\u00e9gica, la implementaci\u00f3n y el monitoreo dentro de las instituciones de educaci\u00f3n superior. Al integrar una plataforma digital f\u00e1cil de usar en el marco de gesti\u00f3n, el modelo IMAP4U permitir\u00e1 a las universidades alcanzar sus objetivos estrat\u00e9gicos con mayor eficiencia y precisi\u00f3n.<\/p>\t\t\t\t\t\t\t\t<\/div>\n\t\t\t\t<\/div>\n\t\t\t\t<div class=\"elementor-element elementor-element-7c18ca9 elementor-widget elementor-widget-spacer\" data-id=\"7c18ca9\" data-element_type=\"widget\" data-widget_type=\"spacer.default\">\n\t\t\t\t<div class=\"elementor-widget-container\">\n\t\t\t\t\t\t\t<div class=\"elementor-spacer\">\n\t\t\t<div class=\"elementor-spacer-inner\"><\/div>\n\t\t<\/div>\n\t\t\t\t\t\t<\/div>\n\t\t\t\t<\/div>\n\t\t\t\t<\/div>\n\t\t<div class=\"elementor-element elementor-element-62958e5 e-con-full elementor-hidden-desktop elementor-hidden-tablet elementor-hidden-mobile e-flex wpr-particle-no wpr-jarallax-no wpr-parallax-no wpr-sticky-section-no e-con e-parent\" data-id=\"62958e5\" data-element_type=\"container\">\n\t\t\t\t<div class=\"elementor-element elementor-element-a1f65e3 elementor-widget elementor-widget-text-editor\" data-id=\"a1f65e3\" data-element_type=\"widget\" data-widget_type=\"text-editor.default\">\n\t\t\t\t<div class=\"elementor-widget-container\">\n\t\t\t\t\t\t\t\t\t<p>El <strong data-start=\"69\" data-end=\"130\">workshop se celebrar\u00e1 en Valencia el pr\u00f3ximo 3 de octubre<\/strong>, en horario de <strong data-start=\"146\" data-end=\"165\">10:30 a 14:00 h<\/strong>. El encuentro tendr\u00e1 lugar en el <strong data-start=\"199\" data-end=\"262\">Sal\u00f3n de Actos Cubo Rojo, CPI de la Universidad de Valencia<\/strong>, un espacio dise\u00f1ado para fomentar la colaboraci\u00f3n y el intercambio de ideas en un entorno profesional.<\/p>\t\t\t\t\t\t\t\t<\/div>\n\t\t\t\t<\/div>\n\t\t\t\t<div class=\"elementor-element elementor-element-e25efdc elementor-align-center elementor-widget elementor-widget-button\" data-id=\"e25efdc\" data-element_type=\"widget\" data-widget_type=\"button.default\">\n\t\t\t\t<div class=\"elementor-widget-container\">\n\t\t\t\t\t\t\t\t\t<div class=\"elementor-button-wrapper\">\n\t\t\t\t\t<a class=\"elementor-button elementor-button-link elementor-size-sm\" href=\"https:\/\/forms.gle\/fbBCVAj1tfTD8KhR6\">\n\t\t\t\t\t\t<span class=\"elementor-button-content-wrapper\">\n\t\t\t\t\t\t\t\t\t<span class=\"elementor-button-text\">Register Here<\/span>\n\t\t\t\t\t<\/span>\n\t\t\t\t\t<\/a>\n\t\t\t\t<\/div>\n\t\t\t\t\t\t\t\t<\/div>\n\t\t\t\t<\/div>\n\t\t\t\t<\/div>\n\t\t<div class=\"elementor-element elementor-element-b51b840 elementor-hidden-desktop elementor-hidden-tablet elementor-hidden-mobile e-flex e-con-boxed wpr-particle-no wpr-jarallax-no wpr-parallax-no wpr-sticky-section-no e-con e-parent\" data-id=\"b51b840\" data-element_type=\"container\">\n\t\t\t\t\t<div class=\"e-con-inner\">\n\t\t\t\t<div class=\"elementor-element elementor-element-f05e6e5 elementor-widget elementor-widget-text-editor\" data-id=\"f05e6e5\" data-element_type=\"widget\" data-widget_type=\"text-editor.default\">\n\t\t\t\t<div class=\"elementor-widget-container\">\n\t\t\t\t\t\t\t\t\t<p>Registration is closed<\/p>\t\t\t\t\t\t\t\t<\/div>\n\t\t\t\t<\/div>\n\t\t\t\t\t<\/div>\n\t\t\t\t<\/div>\n\t\t<div class=\"elementor-element elementor-element-63410982 e-flex e-con-boxed wpr-particle-no wpr-jarallax-no wpr-parallax-no wpr-sticky-section-no e-con e-parent\" data-id=\"63410982\" data-element_type=\"container\">\n\t\t\t\t\t<div class=\"e-con-inner\">\n\t\t\t\t<div class=\"elementor-element elementor-element-4f5edc68 elementor-hidden-desktop elementor-hidden-tablet elementor-hidden-mobile elementor-widget elementor-widget-text-editor\" data-id=\"4f5edc68\" data-element_type=\"widget\" data-widget_type=\"text-editor.default\">\n\t\t\t\t<div class=\"elementor-widget-container\">\n\t\t\t\t\t\t\t\t\t<p>This is an example page. It&#8217;s different from a blog post because it will stay in one place and will show up in your site navigation (in most themes). Most people start with an About page that introduces them to potential site visitors. It might say something like this:<\/p><blockquote><p>Hi there! I&#8217;m a bike messenger by day, aspiring actor by night, and this is my website. I live in Los Angeles, have a great dog named Jack, and I like pi\u00f1a coladas. (And gettin&#8217; caught in the rain.)<\/p><\/blockquote><p>&#8230;or something like this:<\/p><blockquote><p>The XYZ Doohickey Company was founded in 1971, and has been providing quality doohickeys to the public ever since. Located in Gotham City, XYZ employs over 2,000 people and does all kinds of awesome things for the Gotham community.<\/p><\/blockquote><p>As a new WordPress user, you should go to <a href=\"https:\/\/imap4u.webs.upv.es\/wp-admin\/\">your dashboard<\/a> to delete this page and create new pages for your content. Have fun!<\/p>\t\t\t\t\t\t\t\t<\/div>\n\t\t\t\t<\/div>\n\t\t\t\t\t<\/div>\n\t\t\t\t<\/div>\n\t\t\t\t<\/div>\n\t\t","protected":false},"excerpt":{"rendered":"<p>En breve les anunciaremos la nueva fecha para esta semana pr\u00f3xima y la ubicaci\u00f3n, en Alcoy (Alicante) An Integrated Model for Strategic Excellence in Higher Education Institutions is a project funded by Erasmus+ (reference number: 2024-1-TR01-KA220-HED-0000251854), coordinated by Hitit University under Key Action 2: Partnership for Cooperation in Higher Education, with the support of the Turkish National Agency.The IMAP4U model addresses the urgent need for innovative tools to improve strategic planning, implementation, and monitoring within higher education institutions. By integrating an easy-to-use digital platform into the management framework, the IMAP4U model will enable universities to achieve their strategic goals with greater efficiency and accuracy. Lugar: Aula 2.7 del CFP (Centro de Formaci\u00f3n PermanenteUniversitat Polit\u00e8cnica de Val\u00e8ncia, Espa\u00f1a Fecha: Mi\u00e9rcoles 22 de Octubre de 2025 Hora: De 09:30h &#8211; 16:00h Registro An Integrated Model for Strategic Excellence in Higher Education Institutions es un proyecto financiado por Erasmus + (n\u00famero de referencia: 2024-1-TR01-KA220-HED-0000251854), coordinado por la Universidad Hitit bajo la Acci\u00f3n Clave 2: Asociaci\u00f3n para la Cooperaci\u00f3n en Educaci\u00f3n Superior, con el apoyo de la Agencia Nacional Turca. El modelo IMAP4U, que aborda la necesidad urgente de herramientas innovadoras para mejorar la planificaci\u00f3n estrat\u00e9gica, la implementaci\u00f3n y el monitoreo dentro de las instituciones de educaci\u00f3n superior. Al integrar una plataforma digital f\u00e1cil de usar en el marco de gesti\u00f3n, el modelo IMAP4U permitir\u00e1 a las universidades alcanzar sus objetivos estrat\u00e9gicos con mayor eficiencia y precisi\u00f3n. El workshop se celebrar\u00e1 en Valencia el pr\u00f3ximo 3 de octubre, en horario de 10:30 a 14:00 h. El encuentro tendr\u00e1 lugar en el Sal\u00f3n de Actos Cubo Rojo, CPI de la Universidad de Valencia, un espacio dise\u00f1ado para fomentar la colaboraci\u00f3n y el intercambio de ideas en un entorno profesional. Register Here Registration is closed This is an example page. It&#8217;s different from a blog post because it will stay in one place and will show up in your site navigation (in most themes). Most people start with an About page that introduces them to potential site visitors. It might say something like this: Hi there! I&#8217;m a bike messenger by day, aspiring actor by night, and this is my website. I live in Los Angeles, have a great dog named Jack, and I like pi\u00f1a coladas. (And gettin&#8217; caught in the rain.) &#8230;or something like this: The XYZ Doohickey Company was founded in 1971, and has been providing quality doohickeys to the public ever since. Located in Gotham City, XYZ employs over 2,000 people and does all kinds of awesome things for the Gotham community. As a new WordPress user, you should go to your dashboard to delete this page and create new pages for your content. Have fun!<\/p>\n","protected":false},"author":1,"featured_media":0,"parent":0,"menu_order":0,"comment_status":"closed","ping_status":"closed","template":"","meta":{"footnotes":""},"class_list":["post-66","page","type-page","status-publish","hentry"],"_links":{"self":[{"href":"https:\/\/imap4u.webs.upv.es\/index.php?rest_route=\/wp\/v2\/pages\/66","targetHints":{"allow":["GET"]}}],"collection":[{"href":"https:\/\/imap4u.webs.upv.es\/index.php?rest_route=\/wp\/v2\/pages"}],"about":[{"href":"https:\/\/imap4u.webs.upv.es\/index.php?rest_route=\/wp\/v2\/types\/page"}],"author":[{"embeddable":true,"href":"https:\/\/imap4u.webs.upv.es\/index.php?rest_route=\/wp\/v2\/users\/1"}],"replies":[{"embeddable":true,"href":"https:\/\/imap4u.webs.upv.es\/index.php?rest_route=%2Fwp%2Fv2%2Fcomments&post=66"}],"version-history":[{"count":103,"href":"https:\/\/imap4u.webs.upv.es\/index.php?rest_route=\/wp\/v2\/pages\/66\/revisions"}],"predecessor-version":[{"id":437,"href":"https:\/\/imap4u.webs.upv.es\/index.php?rest_route=\/wp\/v2\/pages\/66\/revisions\/437"}],"wp:attachment":[{"href":"https:\/\/imap4u.webs.upv.es\/index.php?rest_route=%2Fwp%2Fv2%2Fmedia&parent=66"}],"curies":[{"name":"wp","href":"https:\/\/api.w.org\/{rel}","templated":true}]}}